{"id":3281,"date":"2024-02-22T11:18:46","date_gmt":"2024-02-22T11:18:46","guid":{"rendered":"https:\/\/carmonarent.com\/privacy-policy\/"},"modified":"2024-04-06T11:50:53","modified_gmt":"2024-04-06T11:50:53","slug":"privacy-policy","status":"publish","type":"page","link":"https:\/\/carmonarent.com\/en\/privacy-policy\/","title":{"rendered":"Privacy Policy"},"content":{"rendered":"<div class=\"fusion-fullwidth fullwidth-box fusion-builder-row-1 fusion-flex-container nonhundred-percent-fullwidth non-hundred-percent-height-scrolling\" style=\"--awb-border-radius-top-left:0px;--awb-border-radius-top-right:0px;--awb-border-radius-bottom-right:0px;--awb-border-radius-bottom-left:0px;--awb-padding-top:100px;--awb-padding-bottom:100px;--awb-flex-wrap:wrap;\" ><div class=\"fusion-builder-row fusion-row fusion-flex-align-items-flex-start fusion-flex-justify-content-center fusion-flex-content-wrap\" style=\"max-width:calc( 1200px + 20px );margin-left: calc(-20px \/ 2 );margin-right: calc(-20px \/ 2 );\"><div class=\"fusion-layout-column fusion_builder_column fusion-builder-column-0 fusion_builder_column_4_5 4_5 fusion-flex-column\" style=\"--awb-bg-blend:overlay;--awb-bg-size:cover;--awb-width-large:80%;--awb-margin-top-large:0px;--awb-spacing-right-large:10px;--awb-margin-bottom-large:0px;--awb-spacing-left-large:10px;--awb-width-medium:80%;--awb-spacing-right-medium:10px;--awb-spacing-left-medium:10px;--awb-width-small:100%;--awb-spacing-right-small:10px;--awb-spacing-left-small:10px;\"><div class=\"fusion-column-wrapper fusion-flex-justify-content-flex-start fusion-content-layout-column\"><div class=\"fusion-title title fusion-title-1 fusion-sep-none fusion-title-text fusion-title-size-one\" style=\"--awb-margin-bottom:50px;\"><h1 class=\"fusion-title-heading title-heading-left awb-responsive-type__disable\" style=\"margin:0;\">Privacy Policy<\/h1><\/div><div class=\"fusion-text fusion-text-1\"><p>En el cumplimiento del deber de informacio\u0301n regulado en el arti\u0301culo 10 de la ley 34\/2002, de 11 de julio, de Servicios de la Sociedad de la Informacio\u0301n y del Comercio Electro\u0301nico titularidad de CARMONA RENT (JUAN JOSE\u0301 LEO\u0301N CARMONA), CIF 48331722M con domicilio social en AV. MADRID, 26, LOCAL 34, C.P. 03503 BENIDORM (ALICANTE), Tel. 646608524 y el email: <a href=\"mailto:carmonarent@gmail.com\">carmonarent@gmail.com<\/a><\/p>\n<p>El presente Aviso Legal regula el uso del servicio de este portal en Internet en adelante (\u201cweb\u201d); USUARIOS; El acceso, navegacio\u0301n y\/o uso de este portal <a href=\"https:\/\/carmonarent.com\/\">www.carmonarent.com<\/a> (CARMONA RENT (JUAN JOSE\u0301 LEO\u0301N CARMONA), se acepta las condiciones de uso que se exponen en el presente documento. La utilizacio\u0301n del Portal atribuye la condicio\u0301n de usuario de este (en adelante, \u201cusuario\u201d) e implica la aceptacio\u0301n plena y sin reservas de todas y cada una de las disposiciones incluidas en este mismo de esta \u201cweb\u201d en el momento mismo en que el Usuario acceda al Portal. Debiendo ser lei\u0301das y aceptadas cada vez que utilice este Portal, ya que e\u0301ste puede sufrir modificaciones. El usuario tambie\u0301n ha de leer atentamente las correspondientes Condiciones Particulares y aceptar en su caso si fueran igualmente de aplicacio\u0301n las condiciones generales de contratacio\u0301n y otras normativas complementarias vigentes. A trave\u0301s del Portal, la \u201cweb\u201d facilita a los usuarios el acceso y la utilizacio\u0301n de diversos servicios y contenidos (en adelante, los \u201cServicios\u201d) puestos a disposicio\u0301n por la misma o por terceros.<\/p>\n<p>USO DEL PORTAL: <a href=\"https:\/\/carmonarent.com\/\">www.carmonarent.com<\/a> proporciona informacio\u0301n, contenidos diversos sobre productos, servicios, programas o datos (en adelante \u201ccontenidos\u201d) pertenecientes a CARMONA RENT (JUAN JOSE\u0301 LEO\u0301N CARMONA), asumiendo el usuario la responsabilidad sobre el uso del portal.<\/p>\n<p>En caso de optar el usuario por registrarse en esta web debera\u0301 facilitar informacio\u0301n sobre sus datos personales identificativos siendo esta veraz y li\u0301cita. Si se le asignara al usuario una contrasen\u0303a (password y login), (si fuera el caso), se compromete el usuario a su uso diligente, entendiendo que la contrasen\u0303a es personal, secreta e intransferible.<\/p>\n<p>Asi\u0301 mismo, si el usuario participa en chats, foros, blogs o comentarios de noticias, se compromete a no manifestar comentarios que vulneren la dignidad de las personas, por entenderse e\u0301stos discriminatorios, vejatorios, racistas, xeno\u0301fobos, pornogra\u0301ficos, etc. Y en consecuencia sera\u0301n retirados a discrecio\u0301n del titular de este portal. No siendo en ningu\u0301n caso <a href=\"https:\/\/carmonarent.com\/\">www.carmonarent.com<\/a> (CARMONA RENT (JUAN JOSE\u0301 LEO\u0301N CARMONA) responsable de las opiniones emitidas por los usuarios en esta web. Quedando igualmente prohibida la introduccio\u0301n o difusio\u0301n de virus informa\u0301ticos o cualquier otro sistema fi\u0301sico o lo\u0301gico susceptibles de provocar dan\u0303os al portal.<\/p>\n<p>PROTECCIO\u0301N DE DATOS: Conforme al REGLAMENTO (UE) 2016\/679 DEL PARLAMENTO EUROPEO Y DEL CONSEJO DE 27 DE ABRIL DE 2016 RELATIVO A LA PROTECCIO\u0301N DE LAS PERSONAS FI\u0301SICAS EN LO QUE RESPECTA AL TRATAMIENTO DE DATOS PERSONALES Y A LA LIBRE CIRCULACIO\u0301N DE ESTOS DATOS Y LA LEY ORGA\u0301NICA 3\/2018, DE 5 DE DICIEMBRE, DE PROTECCIO\u0301N DE DATOS PERSONALES Y GARANTI\u0301A DE LOS DERECHOS DIGITALES, se le informa que como USUARIO WEB, podra\u0301 contactar con nosotros a trave\u0301s de la direccio\u0301n <a href=\"mailto:carmonarent@gmail.com\">carmonarent@gmail.com<\/a> o mediante un correo ordinario a:<\/p>\n<p>CARMONA RENT (JUAN JOSE\u0301 LEO\u0301N CARMONA)<br \/>AV. MADRID, 26, LOCAL 34, C.P. 03503 BENIDORM (ALICANTE)<\/p>\n<p><strong>INFORMACIO\u0301N BA\u0301SICA DE PROTECCIO\u0301N DE DATOS<\/strong><\/p>\n<ul>\n<li><strong>Responsable del tratamiento:<\/strong> CARMONA RENT (JUAN JOSE\u0301 LEO\u0301N CARMONA)<\/li>\n<li><strong>Finalidad del tratamiento:<\/strong>\n<ul>\n<li>Presentacio\u0301n y consultas sobre los servicios y productos ofrecidos en nuestra web.<\/li>\n<li>Acciones de fidelizacio\u0301n, envi\u0301os promocionales.<\/li>\n<\/ul>\n<\/li>\n<\/ul>\n<ul>\n<li><strong>Legitimacio\u0301n del tratamiento: <\/strong>Consentimiento interesado.<\/li>\n<li><strong>Destinatarios: <\/strong>Sus datos podra\u0301n ser comunicados a algunos proveedores de CARMONA RENT (JUAN JOSE\u0301 LEO\u0301N CARMONA) que nos prestan servicios relacionados con la web y aquellos otros colaboradores en cuyas pa\u0301ginas web o aplicaciones mo\u0301viles alojamos nuestros servicios. CARMONA RENT (JUAN JOSE\u0301 LEO\u0301N CARMONA), se compromete a firmar un acuerdo con ellos por el que se obligan a cumplir con la normativa europea de privacidad de datos.<\/li>\n<li><strong>Derechos:&nbsp;&nbsp;<\/strong>Nuestros usuarios tienen derecho a acceder, rectificar, limitar el tratamiento y suprimir sus datos, as\u00ed como otros derechos como se especifican en la informaci\u00f3n adicional.<\/li>\n<\/ul>\n<p><strong>INFORMACI\u00d3N ADICIONAL DE PROTECCI\u00d3N DE DATOS<\/strong><\/p>\n<ol>\n<li><strong>RESPONSABLE<\/strong><br \/>El responsable de su tratamiento de datos personales es CARMONA RENT (JUAN JOS\u00c9 LE\u00d3N CARMONA), realiza la actividad de SERVICIOS INMOBILIARIOS DE VENTA Y ALQUILER DE INMUEBLES A PARTICULARES Y INMOBILIARIAS y relacionados ofertados a trav\u00e9s de nuestra p\u00e1gina web.<\/li>\n<li><strong>FINALIDAD DEL TRATAMIENTO<\/strong><br \/>Los datos de los usuarios que recopilamos en <a href=\"https:\/\/carmonarent.com\/\">www.carmonarent.com<\/a> (CARMONA RENT (JUAN JOS\u00c9 LE\u00d3N CARMONA) son los necesarios para dar respuesta a consultas hechas a trav\u00e9s de esta web. As\u00ed como, las relativas a pedidos, productos, promociones, servicios, etc.Nuestros usuarios nos facilitan de manera voluntaria sus datos mediante el registro en nuestra p\u00e1gina web, a trav\u00e9s del formulario de consulta o contacto a CARMONA RENT (JUAN JOS\u00c9 LE\u00d3N CARMONA).Trataremos sus datos para la prestaci\u00f3n de nuestros servicios de servicios inmobiliarios de venta y alquiler de inmuebles a particulares y inmobiliarias, etc.<br \/>En ning\u00fan caso llevaremos a cabo decisiones automatizadas sin intervenci\u00f3n humana, salvo que lo autorice expresamente.<\/li>\n<li><strong>LEGITIMACI\u00d3N DEL TRATAMIENTO<\/strong><br \/>Sus datos son tratados para atender a su consulta web, en base al consentimiento que nos ha otorgado. En el caso de negativa a tratar sus datos no podremos prestarte nuestro servicio.<\/li>\n<li><strong>CONSERVACI\u00d3N<br \/><\/strong>En <a href=\"https:\/\/carmonarent.com\">www.carmonarent.com<\/a> (CARMONA RENT (JUAN JOS\u00c9 LE\u00d3N CARMONA) conservaremos sus datos mientras los necesitemos para la prestaci\u00f3n de los servicios o hasta que nos solicite su oposici\u00f3n de conformidad con lo establecido en el apartado \u201cDerechos\u201d de esta pol\u00edtica de privacidad.<\/li>\n<li><strong>DESTINATARIOS<br \/><\/strong>Sus datos podr\u00e1n ser comunicados a algunos proveedores de CARMONA RENT (JUAN JOS\u00c9 LE\u00d3N CARMONA) que nos prestan servicios relacionados con la web. CARMONA RENT (JUAN JOS\u00c9 LE\u00d3N CARMONA) se compromete a firmar un acuerdo con ellos por el que se obligan a cumplir con la normativa europea de privacidad de datos. Dichos proveedores solo pueden usar tus datos para proporcionar los servicios correspondientes. Por lo tanto, no pueden usar dicha informaci\u00f3n para sus propios fines o cederla a terceros.<\/li>\n<li><strong>DERECHOS<br \/>&#8211; Derecho de acceso:<\/strong> Este derecho le permite conocer qu\u00e9 datos personales tiene CARMONA RENT (JUAN JOS\u00c9 LE\u00d3N CARMONA) como responsable del fichero o tratamiento CONSULTAS WEB.<br \/><strong>&#8211; Derecho de rectificaci\u00f3n:<\/strong> Este derecho le permite solicitar la rectificaci\u00f3n de los datos inexactos.<br \/><strong>&#8211; Derecho de supresi\u00f3n:<\/strong> Este derecho le permite la supresi\u00f3n de sus datos cuando no sean necesarios para los fines para los que fueron recogidos.<br \/>&#8211;<strong> Derecho de limitaci\u00f3n del tratamiento:<\/strong> Este derecho le permite solicitar al responsable, que suspendamos el tratamiento de datos cuando a) impugnes la exactitud de estos, mientras se verifica dicha exactitud por el responsable b) en aquellos casos en los que ejercites el derecho de oposici\u00f3n al tratamiento de datos, mientras se verifica si los motivos leg\u00edtimos del responsable prevalecen sobre los del interesado. Este derecho tambi\u00e9n le permite solicitarnos que conservemos sus datos personales cuando a) el tratamiento de datos sea il\u00edcito pero se oponga a la supresi\u00f3n de sus datos y solicite en su lugar la limitaci\u00f3n de su uso o b) Ya no necesitemos los datos para los fines del tratamiento, pero el interesado si los necesita para la formulaci\u00f3n, ejercicio o defensa de reclamaciones.<br \/><strong>&#8211; Derecho de oposici\u00f3n:<\/strong> Este derecho le permite oponerte al tratamiento cuando existan motivos fundados para ello relacionados con su situaci\u00f3n personal o bien oponerte a las acciones de prospecci\u00f3n comercial. Dejaremos de tratar los datos, salvo que el tratamiento obedezca a motivos leg\u00edtimos o el ejercicio o defensa de posibles reclamaciones.<br \/><strong>&#8211; Derecho a la portabilidad de los datos:<\/strong> Este derecho le permite solicitar la portabilidad de sus datos a otro responsable del tratamiento. Este derecho le permite recibir sus datos personales facilitados en un formato estructurado, de uso com\u00fan y lectura mec\u00e1nica, y poder transmitirlos a otro responsable, siempre que sea t\u00e9cnicamente posible.<br \/><strong>&#8211; Derecho a revocar el consentimiento:<\/strong> Este derecho le permite revocar el consentimiento otorgado, en cualquier momento.<br \/>El ejercicio de estos derechos es totalmente gratuito y accesible.<br \/>Podr\u00e1 ejercitar estos derechos enviando tu solicitud a carmonarent@gmail.com o mediante un correo ordinario a:<br \/>CARMONA RENT (JUAN JOS\u00c9 LE\u00d3N CARMONA) CIF 48331722M<br \/>AV. MADRID, 26, LOCAL 34, C.P. 03503 BENIDORM (ALICANTE).As\u00ed como, podr\u00e1 presentar una reclamaci\u00f3n, (si considerase que el tratamiento de los datos personales, no se ajusta a las finalidades o es desproporcionado), ante la autoridad de control la Agencia Espa\u00f1ola de Protecci\u00f3n de Datos. <a href=\"https:\/\/www.aepd.es\/\">www.agpd.es<\/a> o Cl. Jorge Juan, 6 28001 Madrid. 901 100 099 &#8211; 912 663 517.PROPIEDAD INTELECTUAL E INDUSTRIAL: <a href=\"https:\/\/carmonarent.com\">www.carmonarent.com<\/a> (CARMONA RENT (JUAN JOS\u00c9 LE\u00d3N CARMONA), posee todos los derechos de propiedad intelectual e industrial de la misma, as\u00ed como de sus logotipos, dise\u00f1os, quedando reservados todos los derechos de uso. Conforme al Real Decreto Legislativo 1\/1996, de 12 de abril, por el que se aprueba el texto refundido de la Ley de Propiedad Intelectual, regularizando, aclarando y armonizando las disposiciones legales vigentes sobre la materia. Quedando prohibida la reproducci\u00f3n, distribuci\u00f3n de la totalidad o parte de los contenidos de esta web con fines comerciales, en cualquier soporte o por medio t\u00e9cnico, sin autorizaci\u00f3n de <a href=\"https:\/\/carmonarent.com\">www.carmonarent.com<\/a> (CARMONA RENT (JUAN JOS\u00c9 LE\u00d3N CARMONA). Igualmente se reserva el derecho a realizar los cambios que se estimen oportunos, a suprimir o a\u00f1adir contenidos al portal. En caso de que se dispusieran enlaces o hiperv\u00ednculos a otros sitios de internet, <a href=\"https:\/\/carmonarent.com\">www.carmonarent.com<\/a> no se hace responsable ni controlar\u00e1 los contenidos de estos.\n<p><strong>RESPONSABILIDAD Y EXCLUSI\u00d3N DE GARANT\u00cdAS:<\/strong> <a href=\"https:\/\/carmonarent.com\">www.carmonarent.com<\/a> (CARMONA RENT (JUAN JOS\u00c9 LE\u00d3N CARMONA), no se hace responsable, en ning\u00fan caso, de los da\u00f1os y perjuicios que se pudieran ocasiones del tipo de; trasmisi\u00f3n fortuita de virus inform\u00e1ticos, errores de contenidos, falta de disponibilidad temporal del portal, etc.<\/p>\n<p><strong>DERECHO DE EXCLUSI\u00d3N:<\/strong> <a href=\"https:\/\/carmonarent.com\">www.carmonarent.com<\/a> (CARMONA RENT (JUAN JOS\u00c9 LE\u00d3N CARMONA), se reserva el derecho a denegar o retirar el derecho de acceso al portal o a sus servicios, sin mediar preaviso, a instancias propias o de un tercero para el usuario que incumpla las condiciones generales de uso del portal.<\/p>\n<p><strong>DURACI\u00d3N Y TERMINACI\u00d3N:<\/strong> La prestaci\u00f3n del servicio del Portal y de los dem\u00e1s Servicios tiene, en principio, una duraci\u00f3n indefinida. Este portal est\u00e1 autorizado para dar por terminada o suspender la prestaci\u00f3n del servicio del Portal y\/o de cualquiera de los Servicios en cualquier momento, sin perjuicio de lo que se hubiere dispuesto al respecto en las correspondientes Condiciones Particulares.<\/p>\n<p><strong>LEGISLACI\u00d3N Y JURISDICCI\u00d3N APLICABLES:<\/strong> Esta web en Internet bajo el dominio <a href=\"https:\/\/carmonarent.com\">www.carmonarent.com<\/a> (CARMONA RENT (JUAN JOS\u00c9 LE\u00d3N CARMONA), opera legalmente Establecida en el Territorio Nacional (Espa\u00f1a), en cumplimiento de la legislaci\u00f3n vigente.<\/p>\n<p>Adem\u00e1s de por la normativa referenciada en este documento, <a href=\"https:\/\/carmonarent.com\">www.carmonarent.com<\/a> (CARMONA RENT (JUAN JOS\u00c9 LE\u00d3N CARMONA) y usuario acudir\u00e1n en caso de conflicto a los Juzgados y Tribunales de ALICANTE.<\/p>\n<p>Esta Pol\u00edtica de Privacidad y Protecci\u00f3n de Datos puede ser objeto de actualizaci\u00f3n.<\/p>\n<\/li>\n<\/ol>\n<\/div><\/div><\/div><\/div><\/div>\n","protected":false},"excerpt":{"rendered":"","protected":false},"author":1,"featured_media":0,"parent":0,"menu_order":0,"comment_status":"closed","ping_status":"closed","template":"100-width.php","meta":{"_acf_changed":false,"_joinchat":[],"footnotes":""},"class_list":["post-3281","page","type-page","status-publish","hentry"],"acf":[],"yoast_head":"<!-- This site is optimized with the Yoast SEO plugin v26.7 - https:\/\/yoast.com\/wordpress\/plugins\/seo\/ -->\n<title>Privacy Policy - Carmona<\/title>\n<meta name=\"description\" content=\"- Privacy Policy\" \/>\n<meta name=\"robots\" content=\"index, follow, max-snippet:-1, max-image-preview:large, max-video-preview:-1\" \/>\n<link rel=\"canonical\" href=\"https:\/\/carmonarent.com\/politica-de-privacidad\/\" \/>\n<meta property=\"og:locale\" content=\"en_US\" \/>\n<meta property=\"og:type\" content=\"article\" \/>\n<meta property=\"og:title\" content=\"Privacy Policy - Carmona\" \/>\n<meta property=\"og:description\" content=\"- Privacy Policy\" \/>\n<meta property=\"og:url\" content=\"https:\/\/carmonarent.com\/politica-de-privacidad\/\" \/>\n<meta property=\"og:site_name\" content=\"Carmona\" \/>\n<meta property=\"article:publisher\" content=\"https:\/\/www.facebook.com\/ApartamentosCarmonaRent\/\" \/>\n<meta property=\"article:modified_time\" content=\"2024-04-06T11:50:53+00:00\" \/>\n<meta name=\"twitter:card\" content=\"summary_large_image\" \/>\n<meta name=\"twitter:label1\" content=\"Est. reading time\" \/>\n\t<meta name=\"twitter:data1\" content=\"11 minutes\" \/>\n<script type=\"application\/ld+json\" class=\"yoast-schema-graph\">{\"@context\":\"https:\/\/schema.org\",\"@graph\":[{\"@type\":\"WebPage\",\"@id\":\"https:\/\/carmonarent.com\/politica-de-privacidad\/\",\"url\":\"https:\/\/carmonarent.com\/politica-de-privacidad\/\",\"name\":\"Privacy Policy - Carmona\",\"isPartOf\":{\"@id\":\"https:\/\/carmonarent.com\/#website\"},\"datePublished\":\"2024-02-22T11:18:46+00:00\",\"dateModified\":\"2024-04-06T11:50:53+00:00\",\"description\":\"- Privacy Policy\",\"breadcrumb\":{\"@id\":\"https:\/\/carmonarent.com\/politica-de-privacidad\/#breadcrumb\"},\"inLanguage\":\"en-US\",\"potentialAction\":[{\"@type\":\"ReadAction\",\"target\":[\"https:\/\/carmonarent.com\/politica-de-privacidad\/\"]}]},{\"@type\":\"BreadcrumbList\",\"@id\":\"https:\/\/carmonarent.com\/politica-de-privacidad\/#breadcrumb\",\"itemListElement\":[{\"@type\":\"ListItem\",\"position\":1,\"name\":\"Portada\",\"item\":\"https:\/\/carmonarent.com\/en\/inicio\/\"},{\"@type\":\"ListItem\",\"position\":2,\"name\":\"Privacy Policy\"}]},{\"@type\":\"WebSite\",\"@id\":\"https:\/\/carmonarent.com\/#website\",\"url\":\"https:\/\/carmonarent.com\/\",\"name\":\"Carmonarentbenidorm\",\"description\":\"Beachfront apartment rental in Benidorm\",\"publisher\":{\"@id\":\"https:\/\/carmonarent.com\/#organization\"},\"potentialAction\":[{\"@type\":\"SearchAction\",\"target\":{\"@type\":\"EntryPoint\",\"urlTemplate\":\"https:\/\/carmonarent.com\/?s={search_term_string}\"},\"query-input\":{\"@type\":\"PropertyValueSpecification\",\"valueRequired\":true,\"valueName\":\"search_term_string\"}}],\"inLanguage\":\"en-US\"},{\"@type\":\"Organization\",\"@id\":\"https:\/\/carmonarent.com\/#organization\",\"name\":\"CarmonaCarmonarentbenidorm\",\"url\":\"https:\/\/carmonarent.com\/\",\"logo\":{\"@type\":\"ImageObject\",\"inLanguage\":\"en-US\",\"@id\":\"https:\/\/carmonarent.com\/#\/schema\/logo\/image\/\",\"url\":\"https:\/\/carmonarent.com\/wp-content\/uploads\/2024\/04\/logox2.png\",\"contentUrl\":\"https:\/\/carmonarent.com\/wp-content\/uploads\/2024\/04\/logox2.png\",\"width\":300,\"height\":162,\"caption\":\"CarmonaCarmonarentbenidorm\"},\"image\":{\"@id\":\"https:\/\/carmonarent.com\/#\/schema\/logo\/image\/\"},\"sameAs\":[\"https:\/\/www.facebook.com\/ApartamentosCarmonaRent\/\",\"https:\/\/www.instagram.com\/carmonarent\"]}]}<\/script>\n<!-- \/ Yoast SEO plugin. -->","yoast_head_json":{"title":"Privacy Policy - Carmona","description":"- Privacy Policy","robots":{"index":"index","follow":"follow","max-snippet":"max-snippet:-1","max-image-preview":"max-image-preview:large","max-video-preview":"max-video-preview:-1"},"canonical":"https:\/\/carmonarent.com\/politica-de-privacidad\/","og_locale":"en_US","og_type":"article","og_title":"Privacy Policy - Carmona","og_description":"- Privacy Policy","og_url":"https:\/\/carmonarent.com\/politica-de-privacidad\/","og_site_name":"Carmona","article_publisher":"https:\/\/www.facebook.com\/ApartamentosCarmonaRent\/","article_modified_time":"2024-04-06T11:50:53+00:00","twitter_card":"summary_large_image","twitter_misc":{"Est. reading time":"11 minutes"},"schema":{"@context":"https:\/\/schema.org","@graph":[{"@type":"WebPage","@id":"https:\/\/carmonarent.com\/politica-de-privacidad\/","url":"https:\/\/carmonarent.com\/politica-de-privacidad\/","name":"Privacy Policy - Carmona","isPartOf":{"@id":"https:\/\/carmonarent.com\/#website"},"datePublished":"2024-02-22T11:18:46+00:00","dateModified":"2024-04-06T11:50:53+00:00","description":"- Privacy Policy","breadcrumb":{"@id":"https:\/\/carmonarent.com\/politica-de-privacidad\/#breadcrumb"},"inLanguage":"en-US","potentialAction":[{"@type":"ReadAction","target":["https:\/\/carmonarent.com\/politica-de-privacidad\/"]}]},{"@type":"BreadcrumbList","@id":"https:\/\/carmonarent.com\/politica-de-privacidad\/#breadcrumb","itemListElement":[{"@type":"ListItem","position":1,"name":"Portada","item":"https:\/\/carmonarent.com\/en\/inicio\/"},{"@type":"ListItem","position":2,"name":"Privacy Policy"}]},{"@type":"WebSite","@id":"https:\/\/carmonarent.com\/#website","url":"https:\/\/carmonarent.com\/","name":"Carmonarentbenidorm","description":"Beachfront apartment rental in Benidorm","publisher":{"@id":"https:\/\/carmonarent.com\/#organization"},"potentialAction":[{"@type":"SearchAction","target":{"@type":"EntryPoint","urlTemplate":"https:\/\/carmonarent.com\/?s={search_term_string}"},"query-input":{"@type":"PropertyValueSpecification","valueRequired":true,"valueName":"search_term_string"}}],"inLanguage":"en-US"},{"@type":"Organization","@id":"https:\/\/carmonarent.com\/#organization","name":"CarmonaCarmonarentbenidorm","url":"https:\/\/carmonarent.com\/","logo":{"@type":"ImageObject","inLanguage":"en-US","@id":"https:\/\/carmonarent.com\/#\/schema\/logo\/image\/","url":"https:\/\/carmonarent.com\/wp-content\/uploads\/2024\/04\/logox2.png","contentUrl":"https:\/\/carmonarent.com\/wp-content\/uploads\/2024\/04\/logox2.png","width":300,"height":162,"caption":"CarmonaCarmonarentbenidorm"},"image":{"@id":"https:\/\/carmonarent.com\/#\/schema\/logo\/image\/"},"sameAs":["https:\/\/www.facebook.com\/ApartamentosCarmonaRent\/","https:\/\/www.instagram.com\/carmonarent"]}]}},"_links":{"self":[{"href":"https:\/\/carmonarent.com\/en\/wp-json\/wp\/v2\/pages\/3281","targetHints":{"allow":["GET"]}}],"collection":[{"href":"https:\/\/carmonarent.com\/en\/wp-json\/wp\/v2\/pages"}],"about":[{"href":"https:\/\/carmonarent.com\/en\/wp-json\/wp\/v2\/types\/page"}],"author":[{"embeddable":true,"href":"https:\/\/carmonarent.com\/en\/wp-json\/wp\/v2\/users\/1"}],"replies":[{"embeddable":true,"href":"https:\/\/carmonarent.com\/en\/wp-json\/wp\/v2\/comments?post=3281"}],"version-history":[{"count":1,"href":"https:\/\/carmonarent.com\/en\/wp-json\/wp\/v2\/pages\/3281\/revisions"}],"predecessor-version":[{"id":3282,"href":"https:\/\/carmonarent.com\/en\/wp-json\/wp\/v2\/pages\/3281\/revisions\/3282"}],"wp:attachment":[{"href":"https:\/\/carmonarent.com\/en\/wp-json\/wp\/v2\/media?parent=3281"}],"curies":[{"name":"wp","href":"https:\/\/api.w.org\/{rel}","templated":true}]}}